{"id":253,"date":"2016-12-12T18:23:48","date_gmt":"2016-12-12T16:23:48","guid":{"rendered":"http:\/\/liqua.net\/liq\/?page_id=253"},"modified":"2025-10-19T11:54:11","modified_gmt":"2025-10-19T09:54:11","slug":"projekte","status":"publish","type":"page","link":"https:\/\/liqua.net\/liq\/projekte\/","title":{"rendered":"Projekte"},"content":{"rendered":"\t\t<div data-elementor-type=\"wp-post\" data-elementor-id=\"253\" class=\"elementor elementor-253\">\n\t\t\t\t\t\t<section class=\"elementor-section elementor-top-section elementor-element elementor-element-667dd20 elementor-section-boxed elementor-section-height-default elementor-section-height-default\" data-id=\"667dd20\" data-element_type=\"section\">\n\t\t\t\t\t\t<div class=\"elementor-container elementor-column-gap-default\">\n\t\t\t\t\t<div class=\"elementor-column elementor-col-100 elementor-top-column elementor-element elementor-element-07da5dd\" data-id=\"07da5dd\" data-element_type=\"column\">\n\t\t\t<div class=\"elementor-widget-wrap elementor-element-populated\">\n\t\t\t\t\t\t<div class=\"elementor-element elementor-element-ac31a17 elementor-widget elementor-widget-image\" data-id=\"ac31a17\" data-element_type=\"widget\" data-widget_type=\"image.default\">\n\t\t\t\t<div class=\"elementor-widget-container\">\n\t\t\t\t\t\t\t\t\t\t\t\t\t\t\t<img fetchpriority=\"high\" decoding=\"async\" width=\"1280\" height=\"331\" src=\"https:\/\/liqua.net\/liq\/wp-content\/uploads\/LIquA-03.jpg\" class=\"attachment-full size-full wp-image-1772\" alt=\"\" srcset=\"https:\/\/liqua.net\/liq\/wp-content\/uploads\/LIquA-03.jpg 1280w, https:\/\/liqua.net\/liq\/wp-content\/uploads\/LIquA-03-300x78.jpg 300w, https:\/\/liqua.net\/liq\/wp-content\/uploads\/LIquA-03-768x199.jpg 768w, https:\/\/liqua.net\/liq\/wp-content\/uploads\/LIquA-03-1024x265.jpg 1024w\" sizes=\"(max-width: 1280px) 100vw, 1280px\" \/>\t\t\t\t\t\t\t\t\t\t\t\t\t\t\t<\/div>\n\t\t\t\t<\/div>\n\t\t\t\t\t<\/div>\n\t\t<\/div>\n\t\t\t\t\t<\/div>\n\t\t<\/section>\n\t\t\t\t<section class=\"elementor-section elementor-top-section elementor-element elementor-element-193b1e6 elementor-section-boxed elementor-section-height-default elementor-section-height-default\" data-id=\"193b1e6\" data-element_type=\"section\">\n\t\t\t\t\t\t<div class=\"elementor-container elementor-column-gap-default\">\n\t\t\t\t\t<div class=\"elementor-column elementor-col-100 elementor-top-column elementor-element elementor-element-af044af\" data-id=\"af044af\" data-element_type=\"column\">\n\t\t\t<div class=\"elementor-widget-wrap elementor-element-populated\">\n\t\t\t\t\t\t<div class=\"elementor-element elementor-element-9d3cfcf elementor-widget elementor-widget-text-editor\" data-id=\"9d3cfcf\" data-element_type=\"widget\" data-widget_type=\"text-editor.default\">\n\t\t\t\t<div class=\"elementor-widget-container\">\n\t\t\t\t\t\t\t\t\t<p>LIquA ist laufend&nbsp;in verschiedenste Projekte involviert, von Studien \u00fcber Ausstellungen bis hin zu Workshops.<\/p>\t\t\t\t\t\t\t\t<\/div>\n\t\t\t\t<\/div>\n\t\t\t\t\t<\/div>\n\t\t<\/div>\n\t\t\t\t\t<\/div>\n\t\t<\/section>\n\t\t\t\t<section class=\"elementor-section elementor-top-section elementor-element elementor-element-712f619b elementor-section-boxed elementor-section-height-default elementor-section-height-default\" data-id=\"712f619b\" data-element_type=\"section\">\n\t\t\t\t\t\t<div class=\"elementor-container elementor-column-gap-default\">\n\t\t\t\t\t<div class=\"elementor-column elementor-col-100 elementor-top-column elementor-element elementor-element-615170a\" data-id=\"615170a\" data-element_type=\"column\">\n\t\t\t<div class=\"elementor-widget-wrap elementor-element-populated\">\n\t\t\t\t\t\t<div class=\"elementor-element elementor-element-c38efda elementor-widget elementor-widget-wp-widget-recent-posts\" data-id=\"c38efda\" data-element_type=\"widget\" data-widget_type=\"wp-widget-recent-posts.default\">\n\t\t\t\t<div class=\"elementor-widget-container\">\n\t\t\t\t\t\n\t\t\n\t\t<h5>\u21b3<\/h5>\n\t\t<ul>\n\t\t\t\t\t\t\t\t\t\t\t<li>\n\t\t\t\t\t<a href=\"https:\/\/liqua.net\/liq\/bta-stakeholder-analyse\/\">BTA &#8211; Stakeholder-Analyse<\/a>\n\t\t\t\t\t\t\t\t\t<\/li>\n\t\t\t\t\t\t\t\t\t\t\t<li>\n\t\t\t\t\t<a href=\"https:\/\/liqua.net\/liq\/evaluierung-und-aktualisierung-von-foerderinstrumenten-der-kulturabteilung-des-landes-vorarlberg\/\">Evaluierung und Aktualisierung von F\u00f6rderinstrumenten der Kulturabteilung des Landes Vorarlberg<\/a>\n\t\t\t\t\t\t\t\t\t<\/li>\n\t\t\t\t\t\t\t\t\t\t\t<li>\n\t\t\t\t\t<a href=\"https:\/\/liqua.net\/liq\/emarketshield-risikobasierte-kontrolle-und-ueberwachung-im-online-lebensmittelhandel-mittels-kuenstlicher-intelligenz\/\">eMarketShield &#8211; Risikobasierte Kontrolle und \u00dcberwachung im Online-Lebensmittelhandel mittels k\u00fcnstlicher Intelligenz<\/a>\n\t\t\t\t\t\t\t\t\t<\/li>\n\t\t\t\t\t\t\t\t\t\t\t<li>\n\t\t\t\t\t<a href=\"https:\/\/liqua.net\/liq\/operationalisierung-der-kulturstrategie-vorarlberg-2023\/\">Operationalisierung der Kulturstrategie Vorarlberg 2023<\/a>\n\t\t\t\t\t\t\t\t\t<\/li>\n\t\t\t\t\t\t\t\t\t\t\t<li>\n\t\t\t\t\t<a href=\"https:\/\/liqua.net\/liq\/kep3\/\">KEP3 Linz &#8211; Dritter Kulturentwicklungsplan der Stadt Linz<\/a>\n\t\t\t\t\t\t\t\t\t<\/li>\n\t\t\t\t\t\t\t\t\t\t\t<li>\n\t\t\t\t\t<a href=\"https:\/\/liqua.net\/liq\/cultherit\/\">CultHeRit &#8211; Identifying Solutions for Labor Market Imbalances in the Cultural Heritage Sector in the Danube Region by improving its Accessibility to Young Professionals<\/a>\n\t\t\t\t\t\t\t\t\t<\/li>\n\t\t\t\t\t\t\t\t\t\t\t<li>\n\t\t\t\t\t<a href=\"https:\/\/liqua.net\/liq\/btt-fe-ready-for-transformation\/\">BTT F&#038;E &#8211; Ready for Transformation<\/a>\n\t\t\t\t\t\t\t\t\t<\/li>\n\t\t\t\t\t\t\t\t\t\t\t<li>\n\t\t\t\t\t<a href=\"https:\/\/liqua.net\/liq\/ak-kultur-oberoesterreich-neuausrichtung\/\">AK Kultur Ober\u00f6sterreich: Neuausrichtung<\/a>\n\t\t\t\t\t\t\t\t\t<\/li>\n\t\t\t\t\t\t\t\t\t\t\t<li>\n\t\t\t\t\t<a href=\"https:\/\/liqua.net\/liq\/kulturstrategie-lustenau-2030\/\">Kulturstrategie Lustenau 2030<\/a>\n\t\t\t\t\t\t\t\t\t<\/li>\n\t\t\t\t\t\t\t\t\t\t\t<li>\n\t\t\t\t\t<a href=\"https:\/\/liqua.net\/liq\/linz-ag-kommunikation-marketing-oe-prozess\/\">LINZ AG Kommunikation &#038; Marketing: OE-Prozess<\/a>\n\t\t\t\t\t\t\t\t\t<\/li>\n\t\t\t\t\t\t\t\t\t\t\t<li>\n\t\t\t\t\t<a href=\"https:\/\/liqua.net\/liq\/fair-pay-ii-salzburg\/\">Fair Pay Salzburg II<\/a>\n\t\t\t\t\t\t\t\t\t<\/li>\n\t\t\t\t\t\t\t\t\t\t\t<li>\n\t\t\t\t\t<a href=\"https:\/\/liqua.net\/liq\/rapid-artificial-intelligence-based-detection-of-aggressive-or-radical-content-on-the-web-raidar\/\">Rapid Artificial Intelligence based Detection of Aggressive or Radical content on the Web (RAIDAR)<\/a>\n\t\t\t\t\t\t\t\t\t<\/li>\n\t\t\t\t\t\t\t\t\t\t\t<li>\n\t\t\t\t\t<a href=\"https:\/\/liqua.net\/liq\/klausurtagung-zur-weiteren-entwicklung-der-interuniversitaeren-einrichtung-wissenschaft-kunst\/\">Klausurtagung zur weiteren Entwicklung der interuniversit\u00e4ren Einrichtung \u201eWissenschaft &#038; Kunst\u201c<\/a>\n\t\t\t\t\t\t\t\t\t<\/li>\n\t\t\t\t\t\t\t\t\t\t\t<li>\n\t\t\t\t\t<a href=\"https:\/\/liqua.net\/liq\/leitbildprozess-kunst-im-traklhaus\/\">Leitbildprozess &#8222;Kunst im Traklhaus&#8220;<\/a>\n\t\t\t\t\t\t\t\t\t<\/li>\n\t\t\t\t\t\t\t\t\t\t\t<li>\n\t\t\t\t\t<a href=\"https:\/\/liqua.net\/liq\/fair-pay-salzburg\/\">Fair Pay Salzburg<\/a>\n\t\t\t\t\t\t\t\t\t<\/li>\n\t\t\t\t\t\t\t\t\t\t\t<li>\n\t\t\t\t\t<a href=\"https:\/\/liqua.net\/liq\/kulturstrategie-innsbruck-2030\/\">Kulturstrategie Innsbruck 2030<\/a>\n\t\t\t\t\t\t\t\t\t<\/li>\n\t\t\t\t\t\t\t\t\t\t\t<li>\n\t\t\t\t\t<a href=\"https:\/\/liqua.net\/liq\/kulturstrategie-st-poelten-2030\/\">Kulturstrategie St. P\u00f6lten 2030<\/a>\n\t\t\t\t\t\t\t\t\t<\/li>\n\t\t\t\t\t\t\t\t\t\t\t<li>\n\t\t\t\t\t<a href=\"https:\/\/liqua.net\/liq\/gesundheit-inklusive\/\">Gesundheit inklusive<\/a>\n\t\t\t\t\t\t\t\t\t<\/li>\n\t\t\t\t\t\t\t\t\t\t\t<li>\n\t\t\t\t\t<a href=\"https:\/\/liqua.net\/liq\/kulturentwicklungsplan-fuer-gallneukirchen\/\">Kulturentwicklungsplan f\u00fcr Gallneukirchen<\/a>\n\t\t\t\t\t\t\t\t\t<\/li>\n\t\t\t\t\t\t\t\t\t\t\t<li>\n\t\t\t\t\t<a href=\"https:\/\/liqua.net\/liq\/flexibles-teilautomatisiertes-analysesystem-zur-auswertung-von-videomassendaten-florida\/\">Flexibles, teilautomatisiertes Analysesystem zur Auswertung von Videomassendaten (FLORIDA)<\/a>\n\t\t\t\t\t\t\t\t\t<\/li>\n\t\t\t\t\t\t\t\t\t\t\t<li>\n\t\t\t\t\t<a href=\"https:\/\/liqua.net\/liq\/kulturentwicklungsplan-kep-land-salzburg\/\">Kulturentwicklungsplan KEP Land Salzburg<\/a>\n\t\t\t\t\t\t\t\t\t<\/li>\n\t\t\t\t\t\t\t\t\t\t\t<li>\n\t\t\t\t\t<a href=\"https:\/\/liqua.net\/liq\/planungsstudie-zu-kreativhub\/\">Planungsstudie zu Kreativhub<\/a>\n\t\t\t\t\t\t\t\t\t<\/li>\n\t\t\t\t\t\t\t\t\t\t\t<li>\n\t\t\t\t\t<a href=\"https:\/\/liqua.net\/liq\/universitaeten-und-museen\/\">Universit\u00e4ten und Museen<\/a>\n\t\t\t\t\t\t\t\t\t<\/li>\n\t\t\t\t\t\t\t\t\t\t\t<li>\n\t\t\t\t\t<a href=\"https:\/\/liqua.net\/liq\/landtagswahlen-in-oberoesterreich-ueber-den-einsatz-von-wahlplakaten-im-oberoesterreichischen-landtagswahlkampf-2009\/\">Landtagswahlen in Ober\u00f6sterreich. \u00dcber den Einsatz von Wahlplakaten im ober\u00f6sterreichischen Landtagswahlkampf 2009<\/a>\n\t\t\t\t\t\t\t\t\t<\/li>\n\t\t\t\t\t\t\t\t\t\t\t<li>\n\t\t\t\t\t<a href=\"https:\/\/liqua.net\/liq\/creative-service-innovation\/\">Creative Service Innovation<\/a>\n\t\t\t\t\t\t\t\t\t<\/li>\n\t\t\t\t\t\t\t\t\t\t\t<li>\n\t\t\t\t\t<a href=\"https:\/\/liqua.net\/liq\/fluxus-majdan-nesaleschnosti-open-design-und-die-kritik-am-wohlfahrtsstaat-die-wikipedisierung-des-wissens\/\">Fluxus, Majdan Nesaleschnosti, Open Design und die Kritik am Wohlfahrtsstaat: Die Wikipedisierung des Wissens<\/a>\n\t\t\t\t\t\t\t\t\t<\/li>\n\t\t\t\t\t\t\t\t\t\t\t<li>\n\t\t\t\t\t<a href=\"https:\/\/liqua.net\/liq\/bahnhof-shopping-center-museum-behoerde-park-ueber-die-demokratisierung-des-raumes\/\">Bahnhof, Shopping Center, Museum, Beh\u00f6rde, Park: \u00dcber die Demokratisierung des Raumes<\/a>\n\t\t\t\t\t\t\t\t\t<\/li>\n\t\t\t\t\t\t\t\t\t\t\t<li>\n\t\t\t\t\t<a href=\"https:\/\/liqua.net\/liq\/dayli-eine-geschichte-ueber-insolvenz-und-arbeitslosigkeit\/\">dayli \u2013 Eine Geschichte \u00fcber Insolvenz und Arbeitslosigkeit<\/a>\n\t\t\t\t\t\t\t\t\t<\/li>\n\t\t\t\t\t\t\t\t\t\t\t<li>\n\t\t\t\t\t<a href=\"https:\/\/liqua.net\/liq\/personen-mit-migrationshintergrund-auf-ihrem-weg-zur-berufsreifepruefung-und-studienberechtigungspruefung\/\">Personen mit Migrationshintergrund auf ihrem Weg zur Berufsreifepr\u00fcfung und Studienberechtigungspr\u00fcfung<\/a>\n\t\t\t\t\t\t\t\t\t<\/li>\n\t\t\t\t\t\t\t\t\t\t\t<li>\n\t\t\t\t\t<a href=\"https:\/\/liqua.net\/liq\/binnenwanderung-oberoesterreich-wien\/\">Binnenwanderung Ober\u00f6sterreich &#8211; Wien<\/a>\n\t\t\t\t\t\t\t\t\t<\/li>\n\t\t\t\t\t\t\t\t\t\t\t<li>\n\t\t\t\t\t<a href=\"https:\/\/liqua.net\/liq\/open-source-security-solutions-protecting-employees-and-data-in-public-institutions\/\">Open Source Security Solutions Protecting Employees and Data in Public Institutions<\/a>\n\t\t\t\t\t\t\t\t\t<\/li>\n\t\t\t\t\t\t\t\t\t\t\t<li>\n\t\t\t\t\t<a href=\"https:\/\/liqua.net\/liq\/korruption-in-oesterreich-und-im-internationalen-kontext\/\">Korruption in \u00d6sterreich und im internationalen Kontext<\/a>\n\t\t\t\t\t\t\t\t\t<\/li>\n\t\t\t\t\t\t\t\t\t\t\t<li>\n\t\t\t\t\t<a href=\"https:\/\/liqua.net\/liq\/befragung-der-absolventinnen-und-absolventen-der-kunstuniversitaet-linz-2000-2012\/\">Befragung der Absolventinnen und Absolventen der Kunstuniversit\u00e4t Linz 2000 &#8211; 2012<\/a>\n\t\t\t\t\t\t\t\t\t<\/li>\n\t\t\t\t\t\t\t\t\t\t\t<li>\n\t\t\t\t\t<a href=\"https:\/\/liqua.net\/liq\/cyberbullying-im-internationalen-und-lokalen-kontext\/\">Cyberbullying im internationalen und lokalen Kontext<\/a>\n\t\t\t\t\t\t\t\t\t<\/li>\n\t\t\t\t\t\t\t\t\t\t\t<li>\n\t\t\t\t\t<a href=\"https:\/\/liqua.net\/liq\/kreativwirtschaft-linz-und-oberoesterreich-bereichs-und-potenzialanalyse\/\">Kreativwirtschaft Linz und Ober\u00f6sterreich. Bereichs- und Potenzialanalyse<\/a>\n\t\t\t\t\t\t\t\t\t<\/li>\n\t\t\t\t\t\t\t\t\t\t\t<li>\n\t\t\t\t\t<a href=\"https:\/\/liqua.net\/liq\/der-neue-kulturentwicklungsplan-fuer-die-stadt-linz\/\">Der neue Kulturentwicklungsplan f\u00fcr die Stadt Linz<\/a>\n\t\t\t\t\t\t\t\t\t<\/li>\n\t\t\t\t\t\t\t\t\t\t\t<li>\n\t\t\t\t\t<a href=\"https:\/\/liqua.net\/liq\/akteursorientiertes-energie-und-change-management-zur-minimierung-des-rebound-effektes\/\">Akteursorientiertes Energie- und Change Management zur Minimierung des Rebound-Effektes<\/a>\n\t\t\t\t\t\t\t\t\t<\/li>\n\t\t\t\t\t\t\t\t\t\t\t<li>\n\t\t\t\t\t<a href=\"https:\/\/liqua.net\/liq\/rassismus-und-social-media\/\">Rassismus und Social Media<\/a>\n\t\t\t\t\t\t\t\t\t<\/li>\n\t\t\t\t\t\t\t\t\t\t\t<li>\n\t\t\t\t\t<a href=\"https:\/\/liqua.net\/liq\/rassismus-in-oberoesterreichischen-medien\/\">Rassismus in ober\u00f6sterreichischen Medien<\/a>\n\t\t\t\t\t\t\t\t\t<\/li>\n\t\t\t\t\t\t\t\t\t\t\t<li>\n\t\t\t\t\t<a href=\"https:\/\/liqua.net\/liq\/green-economy-in-oberoesterreich\/\">Green Economy in Ober\u00f6sterreich<\/a>\n\t\t\t\t\t\t\t\t\t<\/li>\n\t\t\t\t\t\t\t\t\t\t\t<li>\n\t\t\t\t\t<a href=\"https:\/\/liqua.net\/liq\/soziale-stadt-das-beispiel-linz\/\">Soziale Stadt: Das Beispiel Linz<\/a>\n\t\t\t\t\t\t\t\t\t<\/li>\n\t\t\t\t\t\t\t\t\t\t\t<li>\n\t\t\t\t\t<a href=\"https:\/\/liqua.net\/liq\/museum-und-migration-kinder-und-jugendliche-mit-migrationshintergrund-als-zielgruppe-von-museen\/\">Museum und Migration &#8211; Kinder und Jugendliche mit Migrationshintergrund als Zielgruppe von Museen<\/a>\n\t\t\t\t\t\t\t\t\t<\/li>\n\t\t\t\t\t\t\t\t\t\t\t<li>\n\t\t\t\t\t<a href=\"https:\/\/liqua.net\/liq\/partizipative-stadtteilplanung-am-beispiel-des-herbert-bayer-platzes-in-linz\/\">Partizipative Stadtteilplanung am Beispiel des Herbert-Bayer-Platzes in Linz<\/a>\n\t\t\t\t\t\t\t\t\t<\/li>\n\t\t\t\t\t\t\t\t\t\t\t<li>\n\t\t\t\t\t<a href=\"https:\/\/liqua.net\/liq\/kultur-fuer-alle\/\">Kultur f\u00fcr alle<\/a>\n\t\t\t\t\t\t\t\t\t<\/li>\n\t\t\t\t\t\t\t\t\t\t\t<li>\n\t\t\t\t\t<a href=\"https:\/\/liqua.net\/liq\/linz-stadt-im-glueck\/\">Linz. Stadt im Gl\u00fcck<\/a>\n\t\t\t\t\t\t\t\t\t<\/li>\n\t\t\t\t\t\t\t\t\t\t\t<li>\n\t\t\t\t\t<a href=\"https:\/\/liqua.net\/liq\/linz-2009-kulturhauptstadt-europas\/\">Linz 2009 &#8211; Kulturhauptstadt Europas<\/a>\n\t\t\t\t\t\t\t\t\t<\/li>\n\t\t\t\t\t\t\t\t\t\t\t<li>\n\t\t\t\t\t<a href=\"https:\/\/liqua.net\/liq\/eventmobilitaet-linz-2009\/\">Eventmobilit\u00e4t Linz 2009<\/a>\n\t\t\t\t\t\t\t\t\t<\/li>\n\t\t\t\t\t\t\t\t\t\t\t<li>\n\t\t\t\t\t<a href=\"https:\/\/liqua.net\/liq\/industrial-culture-cultural-industries\/\">Industrial Culture &#8211; Cultural Industries<\/a>\n\t\t\t\t\t\t\t\t\t<\/li>\n\t\t\t\t\t\t\t\t\t\t\t<li>\n\t\t\t\t\t<a href=\"https:\/\/liqua.net\/liq\/herausforderungen-fuer-die-stahlstiftung\/\">Herausforderungen f\u00fcr die Stahlstiftung<\/a>\n\t\t\t\t\t\t\t\t\t<\/li>\n\t\t\t\t\t\t\t\t\t\t\t<li>\n\t\t\t\t\t<a href=\"https:\/\/liqua.net\/liq\/bildungsraum-bezirk-braunau-hoehere-schule-in-der-stadt-mattighofen\/\">Bildungsraum Bezirk Braunau: H\u00f6here Schule in der Stadt Mattighofen<\/a>\n\t\t\t\t\t\t\t\t\t<\/li>\n\t\t\t\t\t\t\t\t\t\t\t<li>\n\t\t\t\t\t<a href=\"https:\/\/liqua.net\/liq\/konfliktloesung-und-gewaltpraevention-in-schulen\/\">Konfliktl\u00f6sung und Gewaltpr\u00e4vention in Schulen<\/a>\n\t\t\t\t\t\t\t\t\t<\/li>\n\t\t\t\t\t\t\t\t\t\t\t<li>\n\t\t\t\t\t<a href=\"https:\/\/liqua.net\/liq\/der-mehrwert-von-kunst-und-kultur-fuer-den-staedtischen-raum\/\">Der Mehrwert von Kunst und Kultur f\u00fcr den st\u00e4dtischen Raum<\/a>\n\t\t\t\t\t\t\t\t\t<\/li>\n\t\t\t\t\t\t\t\t\t\t\t<li>\n\t\t\t\t\t<a href=\"https:\/\/liqua.net\/liq\/migrantinnen-im-linzer-kulturbereich\/\">MigrantInnen im Linzer Kulturbereich<\/a>\n\t\t\t\t\t\t\t\t\t<\/li>\n\t\t\t\t\t\t\t\t\t\t\t<li>\n\t\t\t\t\t<a href=\"https:\/\/liqua.net\/liq\/kulturentwicklungsplan-fuer-die-stadt-steyr\/\">Kulturentwicklungsplan f\u00fcr die Stadt Steyr<\/a>\n\t\t\t\t\t\t\t\t\t<\/li>\n\t\t\t\t\t\t\t\t\t\t\t<li>\n\t\t\t\t\t<a href=\"https:\/\/liqua.net\/liq\/machbarkeitsstudie-produktionsschule-im-bezirk-braunau\/\">Machbarkeitsstudie: Produktionsschule im Bezirk Braunau<\/a>\n\t\t\t\t\t\t\t\t\t<\/li>\n\t\t\t\t\t\t\t\t\t\t\t<li>\n\t\t\t\t\t<a href=\"https:\/\/liqua.net\/liq\/flexible-art-prekarisierungstendenzen-des-kunst-und-kulturfeldes\/\">Flexible @ Art. Prekarisierung(stendenzen) des Kunst- und Kulturfeldes<\/a>\n\t\t\t\t\t\t\t\t\t<\/li>\n\t\t\t\t\t\t\t\t\t\t\t<li>\n\t\t\t\t\t<a href=\"https:\/\/liqua.net\/liq\/kreativwirtschaft-in-der-stadtregion-linz\/\">Kreativwirtschaft in der Stadtregion Linz<\/a>\n\t\t\t\t\t\t\t\t\t<\/li>\n\t\t\t\t\t\t\t\t\t\t\t<li>\n\t\t\t\t\t<a href=\"https:\/\/liqua.net\/liq\/ganzheitliche-koerperliche-und-geistige-gesundheitspraevention-fuer-sozial-schwache-in-steyr\/\">Ganzheitliche k\u00f6rperliche und geistige Gesundheitspr\u00e4vention f\u00fcr sozial Schwache in Steyr<\/a>\n\t\t\t\t\t\t\t\t\t<\/li>\n\t\t\t\t\t\t\t\t\t\t\t<li>\n\t\t\t\t\t<a href=\"https:\/\/liqua.net\/liq\/projektagentur-steyr-kirchdorf\/\">Projektagentur Steyr-Kirchdorf<\/a>\n\t\t\t\t\t\t\t\t\t<\/li>\n\t\t\t\t\t\t\t\t\t\t\t<li>\n\t\t\t\t\t<a href=\"https:\/\/liqua.net\/liq\/beschaeftigungsangebot-fuer-seniorinnen-mobile-kreative-tonwerkstatt\/\">Besch\u00e4ftigungsangebot f\u00fcr SeniorInnen. Mobile kreative Tonwerkstatt<\/a>\n\t\t\t\t\t\t\t\t\t<\/li>\n\t\t\t\t\t\t\t\t\t\t\t<li>\n\t\t\t\t\t<a href=\"https:\/\/liqua.net\/liq\/produktionsschule-steyr-chancen-und-perspektiven\/\">Produktionsschule Steyr: Perspektiven und Chancen<\/a>\n\t\t\t\t\t\t\t\t\t<\/li>\n\t\t\t\t\t\t\t\t\t\t\t<li>\n\t\t\t\t\t<a href=\"https:\/\/liqua.net\/liq\/kinder-und-jugendbuero-steyr\/\">Kinder- und Jugendb\u00fcro Steyr<\/a>\n\t\t\t\t\t\t\t\t\t<\/li>\n\t\t\t\t\t\t\t\t\t\t\t<li>\n\t\t\t\t\t<a href=\"https:\/\/liqua.net\/liq\/soziales-leitbild-fuer-die-stadt-steyr\/\">Soziales Leitbild f\u00fcr die Stadt Steyr<\/a>\n\t\t\t\t\t\t\t\t\t<\/li>\n\t\t\t\t\t\t\t\t\t\t\t<li>\n\t\t\t\t\t<a href=\"https:\/\/liqua.net\/liq\/raumeffekte-stadtstruktur-und-milieuentwicklung-sozialraumanalyse\/\">RaumEffekte. Stadtstruktur und Milieuentwicklung (Sozialraumanalyse)<\/a>\n\t\t\t\t\t\t\t\t\t<\/li>\n\t\t\t\t\t\t\t\t\t\t\t<li>\n\t\t\t\t\t<a href=\"https:\/\/liqua.net\/liq\/sozialplanung-in-steyr\/\">Sozialplanung in Steyr<\/a>\n\t\t\t\t\t\t\t\t\t<\/li>\n\t\t\t\t\t\t\t\t\t\t\t<li>\n\t\t\t\t\t<a href=\"https:\/\/liqua.net\/liq\/nulldefizit-eine-kunstpolitische-intervention-im-oeffentlichen-raum\/\">Nulldefizit. Eine kunstpolitische Intervention im \u00f6ffentlichen Raum<\/a>\n\t\t\t\t\t\t\t\t\t<\/li>\n\t\t\t\t\t\t\t\t\t\t\t<li>\n\t\t\t\t\t<a href=\"https:\/\/liqua.net\/liq\/ansaetze-fuer-eine-sozialdemokratische-jugendpolitik\/\">Ans\u00e4tze f\u00fcr eine sozialdemokratische Jugendpolitik<\/a>\n\t\t\t\t\t\t\t\t\t<\/li>\n\t\t\t\t\t<\/ul>\n\n\t\t\t\t\t\t<\/div>\n\t\t\t\t<\/div>\n\t\t\t\t\t<\/div>\n\t\t<\/div>\n\t\t\t\t\t<\/div>\n\t\t<\/section>\n\t\t\t\t<\/div>\n\t\t","protected":false},"excerpt":{"rendered":"<p>LIquA ist laufend&nbsp;in verschiedenste Projekte involviert, von Studien \u00fcber Ausstellungen bis hin zu Workshops.<\/p>\n","protected":false},"author":3,"featured_media":0,"parent":0,"menu_order":3,"comment_status":"closed","ping_status":"closed","template":"","meta":{"footnotes":""},"_links":{"self":[{"href":"https:\/\/liqua.net\/liq\/wp-json\/wp\/v2\/pages\/253"}],"collection":[{"href":"https:\/\/liqua.net\/liq\/wp-json\/wp\/v2\/pages"}],"about":[{"href":"https:\/\/liqua.net\/liq\/wp-json\/wp\/v2\/types\/page"}],"author":[{"embeddable":true,"href":"https:\/\/liqua.net\/liq\/wp-json\/wp\/v2\/users\/3"}],"replies":[{"embeddable":true,"href":"https:\/\/liqua.net\/liq\/wp-json\/wp\/v2\/comments?post=253"}],"version-history":[{"count":37,"href":"https:\/\/liqua.net\/liq\/wp-json\/wp\/v2\/pages\/253\/revisions"}],"predecessor-version":[{"id":2471,"href":"https:\/\/liqua.net\/liq\/wp-json\/wp\/v2\/pages\/253\/revisions\/2471"}],"wp:attachment":[{"href":"https:\/\/liqua.net\/liq\/wp-json\/wp\/v2\/media?parent=253"}],"curies":[{"name":"wp","href":"https:\/\/api.w.org\/{rel}","templated":true}]}}