{"id":243,"date":"2016-12-12T18:07:58","date_gmt":"2016-12-12T16:07:58","guid":{"rendered":"http:\/\/liqua.net\/liq\/?page_id=243"},"modified":"2025-09-17T16:20:41","modified_gmt":"2025-09-17T14:20:41","slug":"kontakt","status":"publish","type":"page","link":"https:\/\/liqua.net\/liq\/institut\/kontakt\/","title":{"rendered":"Kontakt"},"content":{"rendered":"<p><strong><a href=\"http:\/\/liqua.net\/liq\/wp-content\/uploads\/LIquA-07.jpg\"><img fetchpriority=\"high\" decoding=\"async\" class=\"alignnone size-full wp-image-1655\" src=\"http:\/\/liqua.net\/liq\/wp-content\/uploads\/LIquA-07.jpg\" alt=\"\" width=\"4636\" height=\"1200\" \/><\/a><\/strong><\/p>\n<p>Untere Donaul\u00e4nde 10\/1<br \/>\nA-4020 Linz<br \/>\ntel. ++43 650 80 80 150<br \/>\nhttp. <a href=\"http:\/\/www.liqua.net\">www.liqua.net<\/a><br \/>\nemail. <a href=\"mailto:office@liqua.net\">office@liqua.net<\/a><br \/>\nfacebook. <a href=\"http:\/\/www.facebook.com\/liqua.linz\" target=\"_blank\" rel=\"noopener noreferrer\">facebook.com\/liqua.linz<\/a><\/p>\n<p>Gesch\u00e4ftsf\u00fchrung: Thomas Philipp<br \/>\nRechtsform: LIquA ist als gemeinn\u00fctziger Verein gem\u00e4\u00df den Bestimmungen des \u00f6sterreichischen Vereinsgesetzes konstituiert (ZVR 485148120).<br \/>\nZust\u00e4ndiges Gericht: Landesgericht Linz<\/p>\n<p>Haftungshinweis: Trotz sorgf\u00e4ltiger inhaltlicher Kontrolle \u00fcbernehmen wir keine Haftung f\u00fcr die Inhalte externer Links. F\u00fcr den Inhalt der verlinkten Seiten sind ausschlie\u00dflich deren Betreiber verantwortlich.<\/p>\n","protected":false},"excerpt":{"rendered":"<p>Untere Donaul\u00e4nde 10\/1 A-4020 Linz tel. ++43 650 80 80 150 http. www.liqua.net email. office@liqua.net facebook. facebook.com\/liqua.linz Gesch\u00e4ftsf\u00fchrung: Thomas Philipp Rechtsform: LIquA ist als gemeinn\u00fctziger Verein gem\u00e4\u00df den Bestimmungen des &#8230;<\/p>\n","protected":false},"author":3,"featured_media":0,"parent":229,"menu_order":9,"comment_status":"closed","ping_status":"closed","template":"","meta":{"footnotes":""},"_links":{"self":[{"href":"https:\/\/liqua.net\/liq\/wp-json\/wp\/v2\/pages\/243"}],"collection":[{"href":"https:\/\/liqua.net\/liq\/wp-json\/wp\/v2\/pages"}],"about":[{"href":"https:\/\/liqua.net\/liq\/wp-json\/wp\/v2\/types\/page"}],"author":[{"embeddable":true,"href":"https:\/\/liqua.net\/liq\/wp-json\/wp\/v2\/users\/3"}],"replies":[{"embeddable":true,"href":"https:\/\/liqua.net\/liq\/wp-json\/wp\/v2\/comments?post=243"}],"version-history":[{"count":30,"href":"https:\/\/liqua.net\/liq\/wp-json\/wp\/v2\/pages\/243\/revisions"}],"predecessor-version":[{"id":2538,"href":"https:\/\/liqua.net\/liq\/wp-json\/wp\/v2\/pages\/243\/revisions\/2538"}],"up":[{"embeddable":true,"href":"https:\/\/liqua.net\/liq\/wp-json\/wp\/v2\/pages\/229"}],"wp:attachment":[{"href":"https:\/\/liqua.net\/liq\/wp-json\/wp\/v2\/media?parent=243"}],"curies":[{"name":"wp","href":"https:\/\/api.w.org\/{rel}","templated":true}]}}