{"id":240,"date":"2016-12-12T18:06:25","date_gmt":"2016-12-12T16:06:25","guid":{"rendered":"http:\/\/liqua.net\/liq\/?page_id=240"},"modified":"2024-05-08T09:04:03","modified_gmt":"2024-05-08T07:04:03","slug":"referenzen","status":"publish","type":"page","link":"https:\/\/liqua.net\/liq\/institut\/referenzen\/","title":{"rendered":"Referenzen"},"content":{"rendered":"\t\t<div data-elementor-type=\"wp-post\" data-elementor-id=\"240\" class=\"elementor elementor-240\">\n\t\t\t\t\t\t<section class=\"elementor-section elementor-top-section elementor-element elementor-element-321df572 elementor-section-boxed elementor-section-height-default elementor-section-height-default\" data-id=\"321df572\" data-element_type=\"section\">\n\t\t\t\t\t\t<div class=\"elementor-container elementor-column-gap-default\">\n\t\t\t\t\t<div class=\"elementor-column elementor-col-100 elementor-top-column elementor-element elementor-element-dd20fae\" data-id=\"dd20fae\" data-element_type=\"column\">\n\t\t\t<div class=\"elementor-widget-wrap elementor-element-populated\">\n\t\t\t\t\t\t<div class=\"elementor-element elementor-element-7dd2db5b elementor-widget elementor-widget-text-editor\" data-id=\"7dd2db5b\" data-element_type=\"widget\" data-widget_type=\"text-editor.default\">\n\t\t\t\t<div class=\"elementor-widget-container\">\n\t\t\t\t\t\t\t\t\t<p><a href=\"http:\/\/liqua.net\/liq\/wp-content\/uploads\/LIquA-05.jpg\"><img fetchpriority=\"high\" decoding=\"async\" src=\"http:\/\/liqua.net\/liq\/wp-content\/uploads\/LIquA-05.jpg\" alt=\"\" width=\"4640\" height=\"1200\" \/><\/a><\/p>\n<p><span style=\"color: #808080;\">LIquA wird <span style=\"font-size: inherit;\">gema\u0308\u00df den Bestimmungen des BVergG i.d.g.F., der O\u0308NORM A 2053:2019-02 und den Richtlinien 2014\/24\/EU sowie 2014\/25\/EU im Auftragnehmerkataster O\u0308sterreich gefu\u0308hrt: <a style=\"color: #808080;\" href=\"https:\/\/liqua.net\/liq\/wp-content\/uploads\/Fu\u0308hrungsbesta\u0308tigung-2024-01-08.pdf\">Fu\u0308hrungsbesta\u0308tigung &#8211; 2024-01-08<\/a><\/span><\/span><\/p>\n<p><span style=\"color: #808080;\">Seit seinem Bestehen hat das Institut f\u00fcr zahlreiche Auftraggeber gearbeitet:<\/span><\/p>\n<ul>\n<li><span style=\"font-size: 13.3333px; font-family: var( --e-global-typography-text-font-family ), Sans-serif; font-weight: var( --e-global-typography-text-font-weight ); color: #808080;\">Amt der O\u00f6. Landesregierung &#8211; Direktion Kultur<\/span><\/li>\n<li><span style=\"font-size: 13.3333px; color: #808080;\">Amt der O\u00f6. Landesregierung &#8211; Direktion Landesplanung, wirtschaftliche und l\u00e4ndliche Entwicklung<\/span><\/li>\n<li><span style=\"font-size: 13.3333px; font-family: var( --e-global-typography-text-font-family ), Sans-serif; font-weight: var( --e-global-typography-text-font-weight ); color: #808080;\">Amt der O\u00f6. Landesregierung &#8211; Direktion Soziales und Gesundheit<\/span><\/li>\n<li><span style=\"font-size: 13.3333px; color: #808080;\">Amt der O\u00f6. Landesregierung &#8211; Direktion Umwelt und Wasserwirtschaft<\/span><\/li>\n<li><span style=\"font-size: 13.3333px; color: #808080;\">Amt der O\u00f6. Landesregierung &#8211; O\u00f6. Zukunftsakademie<\/span><\/li>\n<li><span style=\"font-size: 13.3333px; color: #808080;\">Amt der Salzburger Landesregierung &#8211; Abteilung Kultur, Bildung und Gesellschaft<\/span><\/li>\n<li><span style=\"font-size: 13.3333px; color: #808080;\">Arbeiterkammer Ober\u00f6sterreich<\/span><\/li>\n<li><span style=\"font-size: 13.3333px; color: #808080;\">Arbeitsmarktservice Ober\u00f6sterreich<\/span><\/li>\n<li><span style=\"font-size: 13.3333px; color: #808080;\">Berufsf\u00f6rderungsinstitut Region Innviertel<\/span><\/li>\n<li><span style=\"font-size: 13.3333px; color: #808080;\">Bundesministerium f\u00fcr Bildung, Wissenschaft und Kunst bm:bwk<\/span><\/li>\n<li><span style=\"font-size: 13.3333px; color: #808080;\">Bundesministerium f\u00fcr Wissenschaft und Forschung bmwf<\/span><\/li>\n<li><span style=\"font-size: 13.3333px; color: #808080;\">Bundesministerium f\u00fcr Verkehr, Innovation und Technologie BMVIT<\/span><\/li>\n<li><span style=\"font-size: 13.3333px; color: #808080;\">Creative.Region Linz &amp; Upper Austria GmbH<\/span><\/li>\n<li><span style=\"font-size: 13.3333px; color: #808080;\">FORBA &#8211; Forschungs- und Beratungsstelle Arbeitswelt, Wien<\/span><\/li>\n<li><span style=\"font-size: 13.3333px; color: #808080;\">Frauenstiftung Steyr Gesundheits- und Sozialservice Steyr (GSS Steyr)<\/span><\/li>\n<li><span style=\"font-size: 13.3333px; color: #808080;\">Interreg \/ Europ\u00e4ischer Fonds f\u00fcr regionale Entwicklung (EFRE)<\/span><\/li>\n<li><span style=\"font-size: 13.3333px; color: #808080;\">Interuniversit\u00e4re Einrichtung &#8222;Wissenschaft &amp; Kunst&#8220; W&amp;K (Paris Lodron Universit\u00e4t Salzburg und Universit\u00e4t Mozarteum Salzburg)<\/span><\/li>\n<li><span style=\"font-size: 13.3333px; color: #808080;\">KI-I Kompetenznetzwerk Informationstechnologie zur F\u00f6rderung der Integration von Menschen mit Behinderungen<\/span><\/li>\n<li><span style=\"font-size: 13.3333px; color: #808080;\">Kinder- und Jugendanwaltschaft O\u00d6. beim Amt der O\u00d6. Landesregierung<\/span><\/li>\n<li><span style=\"font-size: 13.3333px; color: #808080;\">KUPF O\u00d6 &#8211; Kulturplattform Ober\u00f6sterreich<\/span><\/li>\n<li><span style=\"font-size: 13.3333px; color: #808080;\">Kunstuniversit\u00e4t Linz<\/span><\/li>\n<li><span style=\"font-size: 13.3333px; color: #808080;\">Linz 2009 &#8211; Kulturhauptstadt Europas OrganisationsGmbH<\/span><\/li>\n<li><span style=\"font-size: 13.3333px; color: #808080;\">LINZ AG<\/span><\/li>\n<li><span style=\"font-size: 13.3333px; color: #808080;\">Magistrat der Stadt Innsbruck &#8211; MA V &#8211; Gesellschaft, Kultur, Gesundheit und Sport<\/span><\/li>\n<li><span style=\"font-size: 13.3333px; color: #808080;\">Magistrat der Stadt Linz &#8211; B\u00fcro Linz Kultur<\/span><\/li>\n<li><span style=\"font-size: 13.3333px; color: #808080;\">Magistrat der Stadt Linz &#8211; Stadtplanung Linz<\/span><\/li>\n<li><span style=\"font-size: 13.3333px; color: #808080;\">Magistrat der Stadt Linz &#8211; Volkshochschule Linz<\/span><\/li>\n<li><span style=\"font-size: 13.3333px; color: #808080;\">Magistrat der Stadt Steyr &#8211; Fachabteilung f\u00fcr Kultur<\/span><\/li>\n<li><span style=\"font-size: 13.3333px; color: #808080;\">Magistrat der Stadt Steyr &#8211; Fachabteilung f\u00fcr Soziales<\/span><\/li>\n<li><span style=\"font-size: 13.3333px; color: #808080;\">Marktgemeinde Lustenau<\/span><\/li>\n<li><span style=\"font-size: 13.3333px; color: #808080;\">Netural Communication GmbH<\/span><\/li>\n<li><span style=\"font-size: 13.3333px; color: #808080;\">O\u00d6. Technologie- und Marketinggesellschaft m.b.H. (TMG)<\/span><\/li>\n<li><span style=\"font-size: 13.3333px; color: #808080;\">\u00d6sterreichische Forschungsf\u00f6rderungsgesellschaft FFG<\/span><\/li>\n<li><span style=\"font-size: 13.3333px; color: #808080;\">\u00d6sterreichischer Gewerkschaftsbund<\/span><\/li>\n<li><span style=\"font-size: 13.3333px; color: #808080;\">\u00d6sterreichischer St\u00e4dtebund<\/span><\/li>\n<li><span style=\"font-size: 13.3333px; color: #808080;\">qujOch\u00d6<\/span><\/li>\n<li><span style=\"font-size: 13.3333px; color: #808080;\">Rettet das Kind Salzburg<\/span><\/li>\n<li><span style=\"font-size: 13.3333px; color: #808080;\">Stadtgemeinde Gallneukirchen<\/span><\/li>\n<li><span style=\"font-size: 13.3333px; color: #808080;\">Stadt Mattighofen<\/span><\/li>\n<li><span style=\"font-size: 13.3333px; color: #808080;\">voestalpine Stahl GmbH<\/span><\/li>\n<li><span style=\"font-size: 13.3333px; color: #808080;\">voestalpine Stahlstiftung<\/span><\/li>\n<li><span style=\"font-size: 13.3333px; color: #808080;\">Wissenstransferzentrum West<\/span><\/li>\n<\/ul>\t\t\t\t\t\t\t\t<\/div>\n\t\t\t\t<\/div>\n\t\t\t\t\t<\/div>\n\t\t<\/div>\n\t\t\t\t\t<\/div>\n\t\t<\/section>\n\t\t\t\t<\/div>\n\t\t","protected":false},"excerpt":{"rendered":"<p>LIquA wird gema\u0308\u00df den Bestimmungen des BVergG i.d.g.F., der O\u0308NORM A 2053:2019-02 und den Richtlinien 2014\/24\/EU sowie 2014\/25\/EU im Auftragnehmerkataster O\u0308sterreich gefu\u0308hrt: Fu\u0308hrungsbesta\u0308tigung &#8211; 2024-01-08 Seit seinem Bestehen hat das &#8230;<\/p>\n","protected":false},"author":3,"featured_media":0,"parent":229,"menu_order":8,"comment_status":"closed","ping_status":"closed","template":"","meta":{"footnotes":""},"_links":{"self":[{"href":"https:\/\/liqua.net\/liq\/wp-json\/wp\/v2\/pages\/240"}],"collection":[{"href":"https:\/\/liqua.net\/liq\/wp-json\/wp\/v2\/pages"}],"about":[{"href":"https:\/\/liqua.net\/liq\/wp-json\/wp\/v2\/types\/page"}],"author":[{"embeddable":true,"href":"https:\/\/liqua.net\/liq\/wp-json\/wp\/v2\/users\/3"}],"replies":[{"embeddable":true,"href":"https:\/\/liqua.net\/liq\/wp-json\/wp\/v2\/comments?post=240"}],"version-history":[{"count":23,"href":"https:\/\/liqua.net\/liq\/wp-json\/wp\/v2\/pages\/240\/revisions"}],"predecessor-version":[{"id":2484,"href":"https:\/\/liqua.net\/liq\/wp-json\/wp\/v2\/pages\/240\/revisions\/2484"}],"up":[{"embeddable":true,"href":"https:\/\/liqua.net\/liq\/wp-json\/wp\/v2\/pages\/229"}],"wp:attachment":[{"href":"https:\/\/liqua.net\/liq\/wp-json\/wp\/v2\/media?parent=240"}],"curies":[{"name":"wp","href":"https:\/\/api.w.org\/{rel}","templated":true}]}}