{"id":225,"date":"2016-12-12T17:24:17","date_gmt":"2016-12-12T15:24:17","guid":{"rendered":"http:\/\/liqua.net\/liq\/?page_id=225"},"modified":"2025-09-17T16:23:23","modified_gmt":"2025-09-17T14:23:23","slug":"profil","status":"publish","type":"page","link":"https:\/\/liqua.net\/liq\/","title":{"rendered":"Profil"},"content":{"rendered":"\n<figure class=\"wp-block-image\"><a href=\"http:\/\/liqua.net\/liq\/wp-content\/uploads\/LIquA-01.jpg\"><img decoding=\"async\" src=\"http:\/\/liqua.net\/liq\/wp-content\/uploads\/LIquA-01.jpg\" alt=\"\"\/><\/a><\/figure>\n\n\n\n<p>Das Linzer Institut f\u00fcr qualitative Analysen (LIquA) ist ein au\u00dferuniversit\u00e4res und unabh\u00e4ngiges Forschungsinstitut. Es wurde 2001 in Linz, Ober\u00f6sterreich, gegr\u00fcndet und hat seither zahlreiche Studien ver\u00f6ffentlicht, Evaluierungen durchgef\u00fchrt, Workshops geleitet, Vortr\u00e4ge abgehalten und Beratungen gegeben. Zu den Auftraggebern z\u00e4hlen insbesondere \u00f6ffentliche Beh\u00f6rden wie Bundesministerien, Landesverwaltungen und Magistrate, dar\u00fcber hinaus auch Universit\u00e4ten, NGOs\/NPOs und privatwirtschaftliche Unternehmen.<\/p>\n\n\n\n<p>Mit seinen Aktivit\u00e4ten verfolgt LIquA auch das gemeinn\u00fctzige Ziel, wissenschaftliche Erkenntnisse einer breiten \u00d6ffentlichkeit zug\u00e4nglich zu machen und zur F\u00f6rderung von Bildung, Wissenschaft und Kultur beizutragen, etwa durch offene Methodenwerkst\u00e4tten, regelm\u00e4\u00dfige Kolloquien, eine frei zug\u00e4ngliche Bibliothek sowie individuelle Peer-Beratung f\u00fcr Nachwuchsforscher*innen.<\/p>\n\n\n\n<p>Die wissenschaftliche Forschung von LIquA weist einen stark inter- und transdisziplin\u00e4ren Charakter auf. Die Verbindung wirtschafts-, sozial-, kultur- und geisteswissenschaftlicher Theorien und Methoden und die enge Zusammenarbeit mit Akteurinnen und Akteuren aus den jeweiligen Praxisfeldern sind charakteristisch f\u00fcr die Arbeitsweise des Instituts.<\/p>\n","protected":false},"excerpt":{"rendered":"<p>Das Linzer Institut f\u00fcr qualitative Analysen (LIquA) ist ein au\u00dferuniversit\u00e4res und unabh\u00e4ngiges Forschungsinstitut. Es wurde 2001 in Linz, Ober\u00f6sterreich, gegr\u00fcndet und hat seither zahlreiche Studien ver\u00f6ffentlicht, Evaluierungen durchgef\u00fchrt, Workshops geleitet, &#8230;<\/p>\n","protected":false},"author":3,"featured_media":0,"parent":229,"menu_order":6,"comment_status":"closed","ping_status":"closed","template":"","meta":{"footnotes":""},"_links":{"self":[{"href":"https:\/\/liqua.net\/liq\/wp-json\/wp\/v2\/pages\/225"}],"collection":[{"href":"https:\/\/liqua.net\/liq\/wp-json\/wp\/v2\/pages"}],"about":[{"href":"https:\/\/liqua.net\/liq\/wp-json\/wp\/v2\/types\/page"}],"author":[{"embeddable":true,"href":"https:\/\/liqua.net\/liq\/wp-json\/wp\/v2\/users\/3"}],"replies":[{"embeddable":true,"href":"https:\/\/liqua.net\/liq\/wp-json\/wp\/v2\/comments?post=225"}],"version-history":[{"count":26,"href":"https:\/\/liqua.net\/liq\/wp-json\/wp\/v2\/pages\/225\/revisions"}],"predecessor-version":[{"id":2540,"href":"https:\/\/liqua.net\/liq\/wp-json\/wp\/v2\/pages\/225\/revisions\/2540"}],"up":[{"embeddable":true,"href":"https:\/\/liqua.net\/liq\/wp-json\/wp\/v2\/pages\/229"}],"wp:attachment":[{"href":"https:\/\/liqua.net\/liq\/wp-json\/wp\/v2\/media?parent=225"}],"curies":[{"name":"wp","href":"https:\/\/api.w.org\/{rel}","templated":true}]}}